{"id":78,"date":"2017-04-12T23:11:00","date_gmt":"2017-04-12T23:11:00","guid":{"rendered":"http:\/\/www.iesjacaranda.com\/?page_id=78"},"modified":"2017-04-26T20:01:53","modified_gmt":"2017-04-26T20:01:53","slug":"secretaria","status":"publish","type":"page","link":"https:\/\/www.iesjacaranda.com\/index.php\/secretaria\/","title":{"rendered":"Secretar\u00eda"},"content":{"rendered":"<p><a href=\"http:\/\/www.iesjacaranda.com\/wp-content\/uploads\/2017\/04\/secretaria.jpg\"><img loading=\"lazy\" decoding=\"async\" class=\"size-large wp-image-175 aligncenter\" src=\"http:\/\/www.iesjacaranda.com\/wp-content\/uploads\/2017\/04\/secretaria-1024x578.jpg\" alt=\"\" width=\"640\" height=\"361\" srcset=\"https:\/\/www.iesjacaranda.com\/wp-content\/uploads\/2017\/04\/secretaria-1024x578.jpg 1024w, https:\/\/www.iesjacaranda.com\/wp-content\/uploads\/2017\/04\/secretaria-300x169.jpg 300w, https:\/\/www.iesjacaranda.com\/wp-content\/uploads\/2017\/04\/secretaria-768x433.jpg 768w, https:\/\/www.iesjacaranda.com\/wp-content\/uploads\/2017\/04\/secretaria.jpg 1094w\" sizes=\"auto, (max-width: 640px) 100vw, 640px\" \/><\/a><\/p>\n<ol>\n<li style=\"text-align: center;\">Conserjer\u00eda 951293816<\/li>\n<li style=\"text-align: center;\">Fax 951293821<\/li>\n<li style=\"text-align: center;\">Direcci\u00f3n 671534087<\/li>\n<li style=\"text-align: center;\">Sala de Profesores 671534085<\/li>\n<li style=\"text-align: center;\">Orientaci\u00f3n 671534089<\/li>\n<li style=\"text-align: center;\">Secretar\u00eda 671534088<\/li>\n<\/ol>\n","protected":false},"excerpt":{"rendered":"<p>Conserjer\u00eda 951293816 Fax 951293821 Direcci\u00f3n 671534087 Sala de Profesores 671534085 Orientaci\u00f3n 671534089 Secretar\u00eda 671534088<\/p>\n","protected":false},"author":1,"featured_media":0,"parent":0,"menu_order":0,"comment_status":"closed","ping_status":"closed","template":"","meta":{"footnotes":""},"class_list":["post-78","page","type-page","status-publish","hentry"],"_links":{"self":[{"href":"https:\/\/www.iesjacaranda.com\/index.php\/wp-json\/wp\/v2\/pages\/78","targetHints":{"allow":["GET"]}}],"collection":[{"href":"https:\/\/www.iesjacaranda.com\/index.php\/wp-json\/wp\/v2\/pages"}],"about":[{"href":"https:\/\/www.iesjacaranda.com\/index.php\/wp-json\/wp\/v2\/types\/page"}],"author":[{"embeddable":true,"href":"https:\/\/www.iesjacaranda.com\/index.php\/wp-json\/wp\/v2\/users\/1"}],"replies":[{"embeddable":true,"href":"https:\/\/www.iesjacaranda.com\/index.php\/wp-json\/wp\/v2\/comments?post=78"}],"version-history":[{"count":7,"href":"https:\/\/www.iesjacaranda.com\/index.php\/wp-json\/wp\/v2\/pages\/78\/revisions"}],"predecessor-version":[{"id":207,"href":"https:\/\/www.iesjacaranda.com\/index.php\/wp-json\/wp\/v2\/pages\/78\/revisions\/207"}],"wp:attachment":[{"href":"https:\/\/www.iesjacaranda.com\/index.php\/wp-json\/wp\/v2\/media?parent=78"}],"curies":[{"name":"wp","href":"https:\/\/api.w.org\/{rel}","templated":true}]}}