{"id":74,"date":"2017-04-12T23:09:13","date_gmt":"2017-04-12T23:09:13","guid":{"rendered":"http:\/\/www.iesjacaranda.com\/?page_id=74"},"modified":"2017-04-27T21:56:51","modified_gmt":"2017-04-27T21:56:51","slug":"impresos-y-solicitudes","status":"publish","type":"page","link":"https:\/\/www.iesjacaranda.com\/index.php\/impresos-y-solicitudes\/","title":{"rendered":"Impresos y Solicitudes"},"content":{"rendered":"<p><a href=\"http:\/\/www.iesjacaranda.com\/wp-content\/uploads\/2017\/04\/Dace3-AUTORIZACI\u00d3N-DE-ACTIVIDAD.doc\">Dace3 &#8211; AUTORIZACI\u00d3N DE ACTIVIDAD<\/a><a href=\"http:\/\/www.iesjacaranda.com\/wp-content\/uploads\/2017\/04\/MD750304-Derecho-de-Oposici\u00f3n-Cancelaci\u00f3n-datos-personales..doc\">_<\/a><\/p>\n<p><a href=\"http:\/\/www.iesjacaranda.com\/wp-content\/uploads\/2017\/04\/MD750304-Derecho-de-Oposici\u00f3n-Cancelaci\u00f3n-datos-personales..doc\">MD750304- Derecho de Oposici\u00f3n-Cancelaci\u00f3n datos personales.<\/a><a href=\"http:\/\/www.iesjacaranda.com\/wp-content\/uploads\/2017\/04\/MD750303-Cancelaci\u00f3n-de-datos-personales.doc\">_<\/a><\/p>\n<p><a href=\"http:\/\/www.iesjacaranda.com\/wp-content\/uploads\/2017\/04\/MD750303-Cancelaci\u00f3n-de-datos-personales.doc\">MD750303- Cancelaci\u00f3n de datos personales<\/a><a href=\"http:\/\/www.iesjacaranda.com\/wp-content\/uploads\/2017\/04\/MD750302-Rectificaci\u00f3n-de-datos-personales.doc\">_<\/a><\/p>\n<p><a href=\"http:\/\/www.iesjacaranda.com\/wp-content\/uploads\/2017\/04\/MD750302-Rectificaci\u00f3n-de-datos-personales.doc\">MD750302- Rectificaci\u00f3n de datos personales<\/a><\/p>\n<p><a href=\"http:\/\/www.iesjacaranda.com\/wp-content\/uploads\/2017\/04\/MD750301-DERECHO-ACCESO-A-DATOS-.doc\">MD750301- DERECHO ACCESO A DATOS<\/a><a href=\"http:\/\/www.iesjacaranda.com\/wp-content\/uploads\/2017\/04\/JUSTIFICACI\u00d3N-DE-FALTAS.docx\">JUSTIFICACI\u00d3N DE FALTAS<\/a><\/p>\n<p><a href=\"http:\/\/www.iesjacaranda.com\/wp-content\/uploads\/2017\/04\/MD75PR06-MEMORIA-FINAL-PROG-PROF.-rev.-1.doc\">MD75PR06-MEMORIA FINAL PROG-PROF. rev. 1<\/a><\/p>\n<p><a href=\"http:\/\/www.iesjacaranda.com\/wp-content\/uploads\/2017\/04\/MD75PR07-MEMORIA-PROGRAMACIONES-DEPARTAMENTO.-Rev.-1.doc\">MD75PR07-MEMORIA PROGRAMACIONES DEPARTAMENTO. Rev. 1<\/a><\/p>\n<p><a href=\"http:\/\/www.iesjacaranda.com\/wp-content\/uploads\/2017\/04\/Orden-FCT-2011.pdf\">Orden FCT 2011<\/a> <a href=\"http:\/\/www.iesjacaranda.com\/wp-content\/uploads\/2017\/04\/anexo-I-solicitud-exenci\u00f3n-FCT.pdf\">anexo I solicitud exenci\u00f3n FCT<\/a> <a href=\"http:\/\/www.iesjacaranda.com\/wp-content\/uploads\/2017\/04\/MD75AU02-Rev.-2-MEMORIA-SEGUIMIENTO-DEPARTAMENTO.doc\">MD75AU02 -Rev. 2 <\/a><\/p>\n<p><a href=\"http:\/\/www.iesjacaranda.com\/wp-content\/uploads\/2017\/04\/MD75AU02-Rev.-2-MEMORIA-SEGUIMIENTO-DEPARTAMENTO.doc\">MEMORIA SEGUIMIENTO DEPARTAMENTO<\/a><\/p>\n<p><a href=\"http:\/\/www.iesjacaranda.com\/wp-content\/uploads\/2017\/04\/MD75AU01-INFORME-SEGUIMIENTO-PROGRAMACI\u00d3N.doc\">MD75AU01-INFORME SEGUIMIENTO PROGRAMACI\u00d3N<\/a><\/p>\n<p><a href=\"http:\/\/www.iesjacaranda.com\/wp-content\/uploads\/2017\/04\/MD750206-INSTANCIA-SOLICITUD-GENERICA.doc\">MD750206-INSTANCIA-SOLICITUD GENERICA<\/a><\/p>\n","protected":false},"excerpt":{"rendered":"<p>Dace3 &#8211; AUTORIZACI\u00d3N DE ACTIVIDAD_ MD750304- Derecho de Oposici\u00f3n-Cancelaci\u00f3n datos personales._ MD750303- Cancelaci\u00f3n de datos personales_ MD750302- Rectificaci\u00f3n de datos personales MD750301- DERECHO ACCESO A DATOSJUSTIFICACI\u00d3N DE FALTAS MD75PR06-MEMORIA FINAL PROG-PROF. rev. 1 MD75PR07-MEMORIA PROGRAMACIONES DEPARTAMENTO. Rev. 1 Orden FCT 2011 anexo I solicitud exenci\u00f3n FCT MD75AU02 -Rev. 2 MEMORIA SEGUIMIENTO DEPARTAMENTO MD75AU01-INFORME SEGUIMIENTO PROGRAMACI\u00d3N <a href=\"https:\/\/www.iesjacaranda.com\/index.php\/impresos-y-solicitudes\/\" rel=\"nofollow\"><span class=\"sr-only\">Leer m\u00e1sImpresos y Solicitudes<\/span>[&hellip;]<\/a><\/p>\n","protected":false},"author":1,"featured_media":0,"parent":0,"menu_order":0,"comment_status":"closed","ping_status":"closed","template":"","meta":{"footnotes":""},"class_list":["post-74","page","type-page","status-publish","hentry"],"_links":{"self":[{"href":"https:\/\/www.iesjacaranda.com\/index.php\/wp-json\/wp\/v2\/pages\/74","targetHints":{"allow":["GET"]}}],"collection":[{"href":"https:\/\/www.iesjacaranda.com\/index.php\/wp-json\/wp\/v2\/pages"}],"about":[{"href":"https:\/\/www.iesjacaranda.com\/index.php\/wp-json\/wp\/v2\/types\/page"}],"author":[{"embeddable":true,"href":"https:\/\/www.iesjacaranda.com\/index.php\/wp-json\/wp\/v2\/users\/1"}],"replies":[{"embeddable":true,"href":"https:\/\/www.iesjacaranda.com\/index.php\/wp-json\/wp\/v2\/comments?post=74"}],"version-history":[{"count":5,"href":"https:\/\/www.iesjacaranda.com\/index.php\/wp-json\/wp\/v2\/pages\/74\/revisions"}],"predecessor-version":[{"id":251,"href":"https:\/\/www.iesjacaranda.com\/index.php\/wp-json\/wp\/v2\/pages\/74\/revisions\/251"}],"wp:attachment":[{"href":"https:\/\/www.iesjacaranda.com\/index.php\/wp-json\/wp\/v2\/media?parent=74"}],"curies":[{"name":"wp","href":"https:\/\/api.w.org\/{rel}","templated":true}]}}