{"id":233,"date":"2017-04-27T21:37:06","date_gmt":"2017-04-27T21:37:06","guid":{"rendered":"http:\/\/www.iesjacaranda.com\/?page_id=233"},"modified":"2025-09-22T17:08:41","modified_gmt":"2025-09-22T17:08:41","slug":"tutores","status":"publish","type":"page","link":"https:\/\/www.iesjacaranda.com\/index.php\/tutores\/","title":{"rendered":"Tutores"},"content":{"rendered":"\n<div class=\"wp-block-group\"><div class=\"wp-block-group__inner-container is-layout-constrained wp-block-group-is-layout-constrained\">\n<p><strong>CURSO&nbsp;&nbsp;&nbsp;&nbsp;&nbsp;&nbsp;&nbsp;&nbsp;&nbsp;&nbsp;&nbsp;&nbsp; TUTOR\/A<\/strong><\/p>\n\n\n\n<p><strong>1\u00ba ESO A: <\/strong>SUSANA VILLODRES<\/p>\n\n\n\n<p><strong>1\u00ba ESO B: <\/strong>BEL\u00c9N GARC\u00cdA<\/p>\n\n\n\n<p><strong>1\u00ba ESO C<\/strong>: NURIA CARMONA<\/p>\n\n\n\n<p><\/p>\n\n\n\n<p><strong>2\u00ba ESO A<\/strong>: JAVIER GARC\u00cdA PALMA<\/p>\n\n\n\n<p><strong>2\u00ba ESO B<\/strong>: MAR\u00cdA LUISA MERINO<\/p>\n\n\n\n<p><strong>2\u00ba ESO C<\/strong>: PEDRO CALLEJA<\/p>\n\n\n\n<p><strong>2\u00ba ESO D<\/strong>: ANA CRISTINA ESPINOSA<\/p>\n\n\n\n<p><strong>3\u00ba ESO A<\/strong>: SAMUEL MILL\u00c1N<\/p>\n\n\n\n<p><strong>3\u00ba ESO B<\/strong>: LUIS JORQUERA<\/p>\n\n\n\n<p><strong>3\u00ba ESO C<\/strong>: EMILIO RAM\u00cdREZ<\/p>\n\n\n\n<p><strong>3\u00ba ESO D<\/strong>: GLORIA BASTAZO<\/p>\n\n\n\n<p><strong>4\u00ba ESO A<\/strong>: FRANCISCO JAVIER ZAMBRANA<\/p>\n\n\n\n<p><strong>4\u00ba ESO B<\/strong>: MARINA BERMA<\/p>\n\n\n\n<p><strong>4\u00ba ESO C<\/strong>: IRENE FRANCESC\u00d3N<\/p>\n\n\n\n<p><strong>4\u00ba ESO D<\/strong>: FRANCISCO J. NU\u00d1EZ<\/p>\n\n\n\n<p><strong>1\u00ba BACH A<\/strong>: JORGE GARC\u00cdA<\/p>\n\n\n\n<p><strong>1\u00ba BACH B<\/strong>: ROCIO OCA\u00d1A<\/p>\n\n\n\n<p><strong>1\u00ba BACH C<\/strong>: MAR\u00cdA JOS\u00c9 S\u00c1NCHEZ<\/p>\n\n\n\n<p><strong>2\u00ba BACH A<\/strong>: SHEILA CANO<\/p>\n\n\n\n<p><strong>2\u00ba BACH B<\/strong>: MAIDER CASTILLEJO<\/p>\n\n\n\n<p><strong>2\u00ba BACH B<\/strong>: MANUEL JIM\u00c9NEZ<\/p>\n\n\n\n<p><strong>2\u00ba BACH D<\/strong>: JO\u015aE MIGUEL GARC\u00cdA DE F\u00d3RMICA<\/p>\n\n\n\n<p><strong>1\u00ba COCINA A<\/strong>: JOS\u00c9 MANUEL DUR\u00c1N<\/p>\n\n\n\n<p><strong>1\u00ba COCINA B<\/strong>: ANTONIO MART\u00cdNEZ<\/p>\n\n\n\n<p><strong>1\u00ba SERVICIO RESTAURACI\u00d3N<\/strong>: FELIPE S\u00c1NCHEZ<\/p>\n\n\n\n<p><strong>2\u00ba SERVICIO RESTAURACI\u00d3N<\/strong>: TOM\u00c1S ORTIZ<\/p>\n\n\n\n<p><strong>1\u00ba PANADER\u00cdA<\/strong>: ROC\u00cdO MEDINA<\/p>\n\n\n\n<p><strong>2\u00ba PANADER\u00cdA<\/strong>: JUANA PINTO<\/p>\n\n\n\n<p><strong>1\u00ba DSR:<\/strong> JUAN TOLEDO<\/p>\n\n\n\n<p><strong>2\u00ba DSR<\/strong>: ALEJANDRO URDIALES<\/p>\n\n\n\n<p><strong>2\u00ba COCINA A<\/strong>: JUAN BAQUERO<\/p>\n\n\n\n<p><strong>1\u00ba CFGB<\/strong>: FRANCISCO REY<\/p>\n\n\n\n<p><strong>2\u00ba CFGB<\/strong>: JER\u00d3NIMO GONZ\u00c1LEZ<\/p>\n\n\n\n<p><strong>ESPECIALIZACI\u00d3N PANADER\u00cdA<\/strong>: JUAN CARLOS MART\u00cdNEZ<\/p>\n<\/div><\/div>\n","protected":false},"excerpt":{"rendered":"<p>CURSO&nbsp;&nbsp;&nbsp;&nbsp;&nbsp;&nbsp;&nbsp;&nbsp;&nbsp;&nbsp;&nbsp;&nbsp; TUTOR\/A 1\u00ba ESO A: SUSANA VILLODRES 1\u00ba ESO B: BEL\u00c9N GARC\u00cdA 1\u00ba ESO C: NURIA CARMONA 2\u00ba ESO A: JAVIER GARC\u00cdA PALMA 2\u00ba ESO B: MAR\u00cdA LUISA MERINO 2\u00ba ESO C: PEDRO CALLEJA 2\u00ba ESO D: ANA CRISTINA ESPINOSA 3\u00ba ESO A: SAMUEL MILL\u00c1N 3\u00ba ESO B: LUIS JORQUERA 3\u00ba ESO C: EMILIO RAM\u00cdREZ <a href=\"https:\/\/www.iesjacaranda.com\/index.php\/tutores\/\" rel=\"nofollow\"><span class=\"sr-only\">Leer m\u00e1sTutores<\/span>[&hellip;]<\/a><\/p>\n","protected":false},"author":1,"featured_media":0,"parent":0,"menu_order":0,"comment_status":"closed","ping_status":"closed","template":"","meta":{"footnotes":""},"class_list":["post-233","page","type-page","status-publish","hentry"],"_links":{"self":[{"href":"https:\/\/www.iesjacaranda.com\/index.php\/wp-json\/wp\/v2\/pages\/233","targetHints":{"allow":["GET"]}}],"collection":[{"href":"https:\/\/www.iesjacaranda.com\/index.php\/wp-json\/wp\/v2\/pages"}],"about":[{"href":"https:\/\/www.iesjacaranda.com\/index.php\/wp-json\/wp\/v2\/types\/page"}],"author":[{"embeddable":true,"href":"https:\/\/www.iesjacaranda.com\/index.php\/wp-json\/wp\/v2\/users\/1"}],"replies":[{"embeddable":true,"href":"https:\/\/www.iesjacaranda.com\/index.php\/wp-json\/wp\/v2\/comments?post=233"}],"version-history":[{"count":14,"href":"https:\/\/www.iesjacaranda.com\/index.php\/wp-json\/wp\/v2\/pages\/233\/revisions"}],"predecessor-version":[{"id":7348,"href":"https:\/\/www.iesjacaranda.com\/index.php\/wp-json\/wp\/v2\/pages\/233\/revisions\/7348"}],"wp:attachment":[{"href":"https:\/\/www.iesjacaranda.com\/index.php\/wp-json\/wp\/v2\/media?parent=233"}],"curies":[{"name":"wp","href":"https:\/\/api.w.org\/{rel}","templated":true}]}}