{"id":2,"date":"2017-04-09T16:25:51","date_gmt":"2017-04-09T16:25:51","guid":{"rendered":"http:\/\/www.iesjacaranda.com\/?page_id=2"},"modified":"2022-05-03T19:46:11","modified_gmt":"2022-05-03T19:46:11","slug":"ofertaeducativa","status":"publish","type":"page","link":"https:\/\/www.iesjacaranda.com\/index.php\/ofertaeducativa\/","title":{"rendered":"Oferta Educativa"},"content":{"rendered":"<h2 style=\"padding-left: 30px;\"><strong>Formaci\u00f3n profesional grado medio<\/strong><\/h2>\n<p><strong class=\"conResumen\">Hosteler\u00eda y Turismo <\/strong><\/p>\n<ul>\n<li><a href=\"http:\/\/www.juntadeandalucia.es\/educacion\/portals\/web\/formacion-profesional-andaluza\/fp-grado-medio\/detalle-titulo?idTitulo=2\">T\u00e9cnico en Servicios en Restauraci\u00f3n<\/a><\/li>\n<li><a href=\"http:\/\/www.juntadeandalucia.es\/educacion\/portals\/web\/formacion-profesional-andaluza\/fp-grado-medio\/detalle-titulo?idTitulo=1\">T\u00e9cnico en Cocina y Gastronom\u00eda<\/a><\/li>\n<\/ul>\n<p><strong class=\"conResumen\">Industrias Alimentarias <\/strong><\/p>\n<ul>\n<li><a href=\"http:\/\/www.juntadeandalucia.es\/educacion\/portals\/web\/formacion-profesional-andaluza\/fp-grado-medio\/detalle-titulo?idTitulo=6\">T\u00e9cnico en Panader\u00eda, Reposter\u00eda y Confiter\u00eda<\/a><\/li>\n<\/ul>\n<hr \/>\n<h2 style=\"padding-left: 30px;\"><strong>Formaci\u00f3n profesional grado superior<\/strong><\/h2>\n<p><strong id=\"yui_patched_v3_11_0_1_1492379832443_1070\" class=\"conResumen\">Hosteler\u00eda y Turismo <\/strong><\/p>\n<ul id=\"yui_patched_v3_11_0_1_1492379832443_1069\">\n<li id=\"yui_patched_v3_11_0_1_1492379832443_1068\"><a href=\"http:\/\/www.juntadeandalucia.es\/educacion\/portals\/web\/formacion-profesional-andaluza\/fp-grado-superior\/detalle-titulo?idTitulo=58\">Direcci\u00f3n de servicios de restauraci\u00f3n<\/a><\/li>\n<\/ul>\n<hr \/>\n<h2 style=\"padding-left: 30px;\"><strong>Formaci\u00f3n profesional b\u00e1sica<\/strong><\/h2>\n<p><strong class=\"conResumen\">Hosteler\u00eda y Turismo <\/strong><\/p>\n<ul>\n<li><a href=\"http:\/\/www.juntadeandalucia.es\/educacion\/portals\/web\/formacion-profesional-andaluza\/fp-basica\/detalle-titulo?idTitulo=148\">Profesional B\u00e1sico en Cocina y Restauraci\u00f3n<\/a><\/li>\n<\/ul>\n<h2><strong>\u00a0\u00a0\u00a0 Curso de especializaci\u00f3n<\/strong><\/h2>\n<ul>\n<li><a href=\"https:\/\/www.juntadeandalucia.es\/educacion\/portals\/web\/formacion-profesional-andaluza\/contenidos\/-\/contenidos\/detalle\/0-1-5-2-4-ce-pba-panaderia-y-bolleria-artesanales\">Curso de especializaci\u00f3n panader\u00eda y boller\u00eda artesanales<\/a><\/li>\n<\/ul>\n<h2>\u00a0<\/h2>\n<hr \/>\n<h2 class=\"tituloCajaColorJunta\"><a href=\"http:\/\/www.juntadeandalucia.es\/educacion\/portals\/web\/educacion-permanente\/bachillerato\/modalidades\"><strong>Bachillerato modalidad de Ciencias<\/strong><\/a><\/h2>\n<h2 class=\"tituloCajaColorJunta\"><a href=\"http:\/\/www.juntadeandalucia.es\/educacion\/portals\/web\/educacion-permanente\/bachillerato\/modalidades\"><strong>Bachillerato modalidad de Humanidades y Ciencias Sociales<\/strong><\/a><\/h2>\n<hr \/>\n<h2 class=\"tituloCajaColorJunta\"><a href=\"http:\/\/www.juntadeandalucia.es\/temas\/estudiar\/primaria-eso\/descripcion.html\"><strong>Educaci\u00f3n Secundaria Obligatoria<\/strong><\/a><\/h2>\n\n\n<p><\/p>\n","protected":false},"excerpt":{"rendered":"<p>Formaci\u00f3n profesional grado medio Hosteler\u00eda y Turismo T\u00e9cnico en Servicios en Restauraci\u00f3n T\u00e9cnico en Cocina y Gastronom\u00eda Industrias Alimentarias T\u00e9cnico en Panader\u00eda, Reposter\u00eda y Confiter\u00eda Formaci\u00f3n profesional grado superior Hosteler\u00eda y Turismo Direcci\u00f3n de servicios de restauraci\u00f3n Formaci\u00f3n profesional b\u00e1sica Hosteler\u00eda y Turismo Profesional B\u00e1sico en Cocina y Restauraci\u00f3n \u00a0\u00a0\u00a0 Curso de especializaci\u00f3n Curso de <a href=\"https:\/\/www.iesjacaranda.com\/index.php\/ofertaeducativa\/\" rel=\"nofollow\"><span class=\"sr-only\">Leer m\u00e1sOferta Educativa<\/span>[&hellip;]<\/a><\/p>\n","protected":false},"author":1,"featured_media":0,"parent":0,"menu_order":0,"comment_status":"closed","ping_status":"open","template":"","meta":{"footnotes":""},"class_list":["post-2","page","type-page","status-publish","hentry"],"_links":{"self":[{"href":"https:\/\/www.iesjacaranda.com\/index.php\/wp-json\/wp\/v2\/pages\/2","targetHints":{"allow":["GET"]}}],"collection":[{"href":"https:\/\/www.iesjacaranda.com\/index.php\/wp-json\/wp\/v2\/pages"}],"about":[{"href":"https:\/\/www.iesjacaranda.com\/index.php\/wp-json\/wp\/v2\/types\/page"}],"author":[{"embeddable":true,"href":"https:\/\/www.iesjacaranda.com\/index.php\/wp-json\/wp\/v2\/users\/1"}],"replies":[{"embeddable":true,"href":"https:\/\/www.iesjacaranda.com\/index.php\/wp-json\/wp\/v2\/comments?post=2"}],"version-history":[{"count":10,"href":"https:\/\/www.iesjacaranda.com\/index.php\/wp-json\/wp\/v2\/pages\/2\/revisions"}],"predecessor-version":[{"id":3182,"href":"https:\/\/www.iesjacaranda.com\/index.php\/wp-json\/wp\/v2\/pages\/2\/revisions\/3182"}],"wp:attachment":[{"href":"https:\/\/www.iesjacaranda.com\/index.php\/wp-json\/wp\/v2\/media?parent=2"}],"curies":[{"name":"wp","href":"https:\/\/api.w.org\/{rel}","templated":true}]}}