{"id":177,"date":"2017-04-23T22:22:31","date_gmt":"2017-04-23T22:22:31","guid":{"rendered":"http:\/\/www.iesjacaranda.com\/?page_id=177"},"modified":"2017-05-10T22:09:23","modified_gmt":"2017-05-10T22:09:23","slug":"biblioteca","status":"publish","type":"page","link":"https:\/\/www.iesjacaranda.com\/index.php\/biblioteca\/","title":{"rendered":"Biblioteca"},"content":{"rendered":"<div class=\"fusion-three-fifth fusion-layout-column fusion-spacing-yes\">\n<div class=\"fusion-column-wrapper\">\n<div class=\"fusion-title title fusion-title-size-two\">\n<h2 class=\"title-heading-left\" data-fontsize=\"30\" data-lineheight=\"36\"><\/h2>\n<p style=\"text-align: center;\"><strong>\u00a0<a href=\"http:\/\/www.iesjacaranda.com\/wp-content\/uploads\/2017\/04\/logo-biblioteca.jpg\"><img loading=\"lazy\" decoding=\"async\" class=\"alignnone size-full wp-image-199\" src=\"http:\/\/www.iesjacaranda.com\/wp-content\/uploads\/2017\/04\/logo-biblioteca.jpg\" alt=\"\" width=\"113\" height=\"156\" \/><\/a><\/strong><\/p>\n<p style=\"text-align: center;\"><strong>GU\u00cdA DE USUARIOS DE LA BIBLIOTECA<\/strong><\/p>\n<p style=\"text-align: center;\"><strong>IES JACARANDA. CHURRIANA-M\u00c1LAGA<\/strong><\/p>\n<p style=\"text-align: center;\"><strong>\u00a0<\/strong><strong>\u00a0<a href=\"http:\/\/www.iesjacaranda.com\/wp-content\/uploads\/2017\/04\/1.jpg\"><img loading=\"lazy\" decoding=\"async\" class=\"size-full wp-image-192 aligncenter\" src=\"http:\/\/www.iesjacaranda.com\/wp-content\/uploads\/2017\/04\/1.jpg\" alt=\"\" width=\"604\" height=\"453\" srcset=\"https:\/\/www.iesjacaranda.com\/wp-content\/uploads\/2017\/04\/1.jpg 604w, https:\/\/www.iesjacaranda.com\/wp-content\/uploads\/2017\/04\/1-300x225.jpg 300w, https:\/\/www.iesjacaranda.com\/wp-content\/uploads\/2017\/04\/1-285x214.jpg 285w\" sizes=\"auto, (max-width: 604px) 100vw, 604px\" \/><\/a><\/strong><strong>\u00a0<\/strong><\/p>\n<p style=\"text-align: left;\"><strong>\u00a0<\/strong><strong>OBJETIVOS Y SERVICIOS GENERALES DE LA BIBLIOTECA<\/strong><\/p>\n<ul>\n<li>La Biblioteca del IES Jacaranda\u201d de Churriana-M\u00e1laga es un espacio que permite el acceso de los usuarios a los libros y materiales audiovisuales depositados en \u00e9l y colabora activamente a la formaci\u00f3n de actitudes favorables hacia la lectura, la escritura y la investigaci\u00f3n. De esta manera,\u00a0 deja de ser s\u00f3lo una colecci\u00f3n de libros y materiales destinados a resolver problemas escolares espec\u00edficos, para convertirse en una aut\u00e9ntica plataforma para el desarrollo cognitivo, sensorial y afectivo de sus usuarios, como centro vivo de recursos para la ense\u00f1anza y el aprendizaje.<\/li>\n<li>En el presente curso, 2014-2015, la Biblioteca del IES \u201cJacaranda\u201d de Churriana-M\u00e1laga centrar\u00e1 su actuaci\u00f3n en el <strong>dise\u00f1o de programas para el desarrollo de la competencia informacional<\/strong>, de acuerdo con la L\u00ednea 2 de la Red de Bibliotecas Escolares. Uno de sus objetivos prioritarios ser\u00e1 la selecci\u00f3n de recursos librarios y digitales para los programas y eventos en los que pueda participar el Centro.<\/li>\n<li><strong>Rafael Guardiola Iranzo<\/strong>, Jefe del Departamento de Filosof\u00eda, Biblioteca y Documentaci\u00f3n, ser\u00e1 el Responsable de la Biblioteca del I.E.S \u201cJacaranda\u201d durante el Curso 2014-2015, cargo que desempe\u00f1a desde el curso 2007-2008.<\/li>\n<li>Tienen la condici\u00f3n de <strong>usuarios<\/strong> de la Biblioteca, todos los miembros de la Comunidad Educativa del IES \u201cJacaranda\u201d de Churriana-M\u00e1laga (profesorado, alumnado, madres y padres de alumnado y personal de administraci\u00f3n y servicios).<\/li>\n<li>La Biblioteca del IES \u201cJacaranda\u201d ofrece los siguientes <strong>SERVICIOS GENERALES<\/strong>:<\/li>\n<\/ul>\n<p>-Pr\u00e9stamo de libros a toda la Comunidad Educativa.<br \/>\n-Uso de los recursos de la Biblioteca, en horario escolar, como complemento del curr\u00edculo.<\/p>\n<p>-Utilizaci\u00f3n de la Biblioteca como sala de lectura.<br \/>\n-Conexi\u00f3n a la red para la realizaci\u00f3n de trabajos y tareas escolares.<br \/>\n-Visionado de v\u00eddeos.<\/p>\n<p><a href=\"http:\/\/www.iesjacaranda.com\/wp-content\/uploads\/2017\/04\/2.jpg\"><img loading=\"lazy\" decoding=\"async\" class=\"size-full wp-image-193 aligncenter\" src=\"http:\/\/www.iesjacaranda.com\/wp-content\/uploads\/2017\/04\/2.jpg\" alt=\"\" width=\"300\" height=\"223\" \/><\/a><\/p>\n<ol start=\"2\">\n<li><strong>UBICACI\u00d3N Y DISTRIBUCI\u00d3N ESPACIAL.<\/strong><\/li>\n<\/ol>\n<p><strong>\u00a0<\/strong><\/p>\n<p><a href=\"http:\/\/www.iesjacaranda.com\/wp-content\/uploads\/2017\/04\/3.jpg\"><img loading=\"lazy\" decoding=\"async\" class=\"size-large wp-image-194 aligncenter\" src=\"http:\/\/www.iesjacaranda.com\/wp-content\/uploads\/2017\/04\/3-1024x768.jpg\" alt=\"\" width=\"640\" height=\"480\" srcset=\"https:\/\/www.iesjacaranda.com\/wp-content\/uploads\/2017\/04\/3-1024x768.jpg 1024w, https:\/\/www.iesjacaranda.com\/wp-content\/uploads\/2017\/04\/3-300x225.jpg 300w, https:\/\/www.iesjacaranda.com\/wp-content\/uploads\/2017\/04\/3-768x576.jpg 768w, https:\/\/www.iesjacaranda.com\/wp-content\/uploads\/2017\/04\/3-285x214.jpg 285w, https:\/\/www.iesjacaranda.com\/wp-content\/uploads\/2017\/04\/3.jpg 1298w\" sizes=\"auto, (max-width: 640px) 100vw, 640px\" \/><\/a><\/p>\n<p><strong>\u00a0<\/strong><\/p>\n<ul>\n<li>La Biblioteca <strong>est\u00e1 ubicada en la TERCERA PLANTA del edificio principal del Centro.<\/strong><\/li>\n<li>Tiene una<strong> zona reservada a la lectura, <\/strong>rodeada de ventanas, lo que aparte de conferirle unas condiciones \u00f3ptimas para su funci\u00f3n, la convierte en un lugar agradable y relajante<\/li>\n<li>En la zona aneja a \u00e9sta se encuentran los <strong>fondos, <\/strong>depositados en estanter\u00edas abiertas (salvo la secci\u00f3n de materiales audiovisuales), y clasificados de acuerdo con la Clasificaci\u00f3n Decimal Universal (CDU). Los fondos de los distintos grupos de la CDU est\u00e1n convenientemente se\u00f1alizados, as\u00ed como los distintos g\u00e9neros de las obras de literatura (poes\u00eda, teatro y narrativa). A fecha de hoy los fondos de la Biblioteca son numerosos: <strong>379 <\/strong>ejemplares (libros, revistas y materiales audiovisuales), de los que <strong>6.234 <\/strong>han sido catalogados con el programa de gesti\u00f3n ABIES.<\/li>\n<li>Asimismo, la Biblioteca dispone de <strong>una zona de gesti\u00f3n y pr\u00e9stamo<\/strong> y de <strong>una zona telem\u00e1tica<\/strong>, junto a \u00e9sta.<\/li>\n<li>Hay cuatro <strong>equipos inform\u00e1ticos<\/strong> en la Biblioteca y disponen de conexi\u00f3n a Internet. El m\u00e1s cercano a la puerta, dotado de impresora, es de uso exclusivo del Equipo de Biblioteca y del Responsable de la misma, al estar destinado a funciones de gesti\u00f3n y catalogaci\u00f3n.<\/li>\n<\/ul>\n<p><strong>\u00a0<\/strong><\/p>\n<ol start=\"3\">\n<li><strong>HORARIO:<\/strong><\/li>\n<\/ol>\n<ul>\n<li>El horario de<strong> uso general <\/strong>de la Biblioteca coincide con el horario destinado al <strong>recreo <\/strong>(<strong>de 10,15 a 11,45 horas<\/strong>, <strong>de lunes a viernes<\/strong>).<\/li>\n<li>Asimismo, <strong>el horario de atenci\u00f3n<\/strong> de la misma incluye tambi\u00e9n, en el presente curso, 2014-2015, la tercera y la cuarta horas del lunes, la tercera y la cuarta horas del mi\u00e9rcoles, la tercera y quinta horas del jueves, y la tercera hora del viernes. Dicha atenci\u00f3n corre a cargo del Equipo de Biblioteca del Profesorado y del Responsable de la misma.<\/li>\n<\/ul>\n<p>&nbsp;<\/p>\n<p><a href=\"http:\/\/www.iesjacaranda.com\/wp-content\/uploads\/2017\/04\/4.jpg\"><img loading=\"lazy\" decoding=\"async\" class=\"size-large wp-image-195 aligncenter\" src=\"http:\/\/www.iesjacaranda.com\/wp-content\/uploads\/2017\/04\/4-1024x768.jpg\" alt=\"\" width=\"640\" height=\"480\" srcset=\"https:\/\/www.iesjacaranda.com\/wp-content\/uploads\/2017\/04\/4-1024x768.jpg 1024w, https:\/\/www.iesjacaranda.com\/wp-content\/uploads\/2017\/04\/4-300x225.jpg 300w, https:\/\/www.iesjacaranda.com\/wp-content\/uploads\/2017\/04\/4-768x576.jpg 768w, https:\/\/www.iesjacaranda.com\/wp-content\/uploads\/2017\/04\/4-285x214.jpg 285w, https:\/\/www.iesjacaranda.com\/wp-content\/uploads\/2017\/04\/4.jpg 1298w\" sizes=\"auto, (max-width: 640px) 100vw, 640px\" \/><\/a><\/p>\n<p><a href=\"http:\/\/www.iesjacaranda.com\/wp-content\/uploads\/2017\/04\/5-1.jpg\"><img loading=\"lazy\" decoding=\"async\" class=\"size-large wp-image-196 aligncenter\" src=\"http:\/\/www.iesjacaranda.com\/wp-content\/uploads\/2017\/04\/5-1-1024x768.jpg\" alt=\"\" width=\"640\" height=\"480\" srcset=\"https:\/\/www.iesjacaranda.com\/wp-content\/uploads\/2017\/04\/5-1-1024x768.jpg 1024w, https:\/\/www.iesjacaranda.com\/wp-content\/uploads\/2017\/04\/5-1-300x225.jpg 300w, https:\/\/www.iesjacaranda.com\/wp-content\/uploads\/2017\/04\/5-1-768x576.jpg 768w, https:\/\/www.iesjacaranda.com\/wp-content\/uploads\/2017\/04\/5-1-285x214.jpg 285w, https:\/\/www.iesjacaranda.com\/wp-content\/uploads\/2017\/04\/5-1.jpg 1298w\" sizes=\"auto, (max-width: 640px) 100vw, 640px\" \/><\/a><\/p>\n<ol start=\"4\">\n<li><strong>NORMAS DE USO DE LA BIBLIOTECA:<\/strong><\/li>\n<\/ol>\n<p><strong>\u00a0<\/strong><\/p>\n<ul>\n<li>La Biblioteca del IES \u201cJacaranda\u201d de Churriana-M\u00e1laga es un espacio destinado a la <strong>lectura<\/strong>, el <strong>estudio<\/strong> y la <strong>realizaci\u00f3n de trabajos<\/strong>.<\/li>\n<li>Por ello hay que <strong>guardar silencio<\/strong> en todo momento, y no est\u00e1 permitido el uso de dispositivos electr\u00f3nicos m\u00f3viles ni reproductores de m\u00fasica que pudiera perturbarlo.<\/li>\n<li>Como en el resto de las actividades docentes, est\u00e1 <strong>prohibido comer y beber <\/strong>en la Biblioteca.<\/li>\n<li>Por otra parte, recordamos que hay que <strong>respetar y cuidar los documentos, el mobiliario y las instalaciones<\/strong> de la Biblioteca.<\/li>\n<li><strong>El pr\u00e9stamo y la devoluci\u00f3n<\/strong> de libros y materiales al alumnado solo se realizara en horas de <strong>recreo<\/strong> (<strong>de 10,15 a 11,45 horas<\/strong>, <strong>de lunes a viernes<\/strong>).<\/li>\n<li>El alumnado y el profesorado que utilice los libros o el material audiovisual de la Biblioteca dispondr\u00e1 de un \u201c<strong>carn\u00e9 de lector\u201d<\/strong>, que se custodiar\u00e1 en el puesto de pr\u00e9stamos y devoluciones.<\/li>\n<li>Al retirar el libro o el material audiovisual de la Biblioteca se cumplimentar\u00e1 la correspondiente \u201c<strong>ficha de pr\u00e9stamo<\/strong>\u201d, que ser\u00e1 guardada por el profesor de guardia en el archivador correspondiente.<\/li>\n<li>Los <strong>pr\u00e9stamos<\/strong> tendr\u00e1n una duraci\u00f3n de <strong>doce d\u00edas<\/strong>, <strong>renovables<\/strong> por otros <strong>diez<\/strong> si el libro o el material no es muy demandado.<\/li>\n<\/ul>\n<p>&nbsp;<\/p>\n<p><a href=\"http:\/\/www.iesjacaranda.com\/wp-content\/uploads\/2017\/04\/biblioteca1.jpg\"><img loading=\"lazy\" decoding=\"async\" class=\"size-large wp-image-182 aligncenter\" src=\"http:\/\/www.iesjacaranda.com\/wp-content\/uploads\/2017\/04\/biblioteca1-1024x577.jpg\" alt=\"\" width=\"640\" height=\"361\" srcset=\"https:\/\/www.iesjacaranda.com\/wp-content\/uploads\/2017\/04\/biblioteca1-1024x577.jpg 1024w, https:\/\/www.iesjacaranda.com\/wp-content\/uploads\/2017\/04\/biblioteca1-300x169.jpg 300w, https:\/\/www.iesjacaranda.com\/wp-content\/uploads\/2017\/04\/biblioteca1-768x433.jpg 768w, https:\/\/www.iesjacaranda.com\/wp-content\/uploads\/2017\/04\/biblioteca1.jpg 1824w\" sizes=\"auto, (max-width: 640px) 100vw, 640px\" \/><\/a><\/p>\n<p>&nbsp;<\/p>\n<ul>\n<li>El responsable de los libros prestados es, en todo momento, el alumnado o el profesorado que lo solicite.<\/li>\n<li>La demora en la entrega de los libros prestados ser\u00e1 sancionada con prestaci\u00f3n de ayuda en la Biblioteca durante los recreos, seg\u00fan estimen el\/la Responsable de la Biblioteca y la Jefatura de Estudios.<\/li>\n<li>La <strong>p\u00e9rdida<\/strong> o <strong>no devoluci\u00f3n<\/strong> de un libro o material audiovisual, implica la <strong>reposici\u00f3n<\/strong> del libro o material nuevo <strong>o el abono de su importe<\/strong> por parte del lector o sus padres o representantes legales; y lo mismo en caso de da\u00f1o a un libro o al material de Biblioteca (ordenadores, mobiliario, etc.). En ambos casos ser\u00e1 el Responsable de la Biblioteca, junto al Jefe de Estudios, quienes determinar\u00e1n la cuant\u00eda de la reposici\u00f3n o reparaci\u00f3n del bien da\u00f1ado o perdido.<\/li>\n<\/ul>\n<p>&nbsp;<\/p>\n<ol start=\"5\">\n<li><strong>ORGANIZACI\u00d3N DE LOS MATERIALES PARA SU R\u00c1PIDA LOCALIZACI\u00d3N<\/strong><\/li>\n<\/ol>\n<ul>\n<li>Los libros de una Biblioteca se clasifican por medio de un sistema conocido como <strong>CDU (Clasificaci\u00f3n decimal Universal).<\/strong> Dicho sistema sirve para clasificar los libros y materiales audiovisuales en diferentes grupos, seg\u00fan la tem\u00e1tica de la que traten. Los grupos van del 0 al 9 (excepto el grupo 4 que permanece vac\u00edo).<\/li>\n<\/ul>\n<p>-El grupo 0 corresponde a \u201c<strong>Obras generales (diccionarios y enciclopedias)<\/strong>\u201d.<\/p>\n<p>-El grupo 1 corresponde a \u201c<strong>Filosof\u00eda<\/strong>\u201d.<\/p>\n<p>-El grupo 2 corresponde a \u201c<strong>Religi\u00f3n<\/strong>\u201d.<\/p>\n<p>-El grupo 3 corresponde a \u201c<strong>Ciencias Sociales<\/strong>\u201d.<\/p>\n<p>-El grupo 5 corresponde a \u201c<strong>Ciencias Exactas y Naturales<\/strong>\u201d<\/p>\n<p>-El grupo 6 corresponde a \u201c<strong>Ciencias aplicadas<\/strong>\u201d.<\/p>\n<p>-El grupo 7 corresponde a \u201c<strong>Arte. M\u00fasica. Juegos. Deportes. Espect\u00e1culos<\/strong>\u201d.<\/p>\n<p>-El grupo 8 corresponde a \u201c<strong>Ling\u00fc\u00edstica. Historia y Cr\u00edtica de la Literatura<\/strong>\u201d.<\/p>\n<p>-El grupo 9 corresponde a \u201c<strong>Geograf\u00eda. Biograf\u00edas. Historia<\/strong>\u201d.<\/p>\n<p>&nbsp;<\/p>\n<ul>\n<li>En la parte inferior del lomo del libro se coloca una etiqueta llamada <strong>TEJUELO<\/strong>, y \u00e9sta consta de tres apartados:<\/li>\n<\/ul>\n<p>-En \u00a0la parte superior hay un n\u00famero y a veces una letra. <strong>El primer digito<\/strong> nos indica a qu\u00e9 grupo pertenece el libro y los siguientes d\u00edgitos el subgrupo. En nuestro ejemplo 860-P, quiere decir que es un libro de literatura y, concretamente, de poes\u00eda.<\/p>\n<p>-A\u00a0 continuaci\u00f3n del n\u00famero se anotan, <strong>en may\u00fascula, las tres primeras letras del primer apellido del autor<\/strong>. En nuestro ejemplo GAR (es un libro de Federico Garc\u00eda Lorca).<\/p>\n<p>-Y, por \u00faltimo, <strong>las tres primeras letras, en min\u00fascula, del t\u00edtulo del libro<\/strong>, que en este caso ser\u00eda\u00a0 rom (el libro es el <em>Romancero Gitano<\/em>):<\/p>\n<p>860-P<br \/>\nGAR<br \/>\nrom<\/p>\n<p>&nbsp;<\/p>\n<\/div>\n<div class=\"fusion-clearfix\"><img loading=\"lazy\" decoding=\"async\" class=\"size-large wp-image-184 aligncenter\" src=\"http:\/\/www.iesjacaranda.com\/wp-content\/uploads\/2017\/04\/biblioteca3-1024x577.jpg\" alt=\"\" width=\"640\" height=\"361\" srcset=\"https:\/\/www.iesjacaranda.com\/wp-content\/uploads\/2017\/04\/biblioteca3-1024x577.jpg 1024w, https:\/\/www.iesjacaranda.com\/wp-content\/uploads\/2017\/04\/biblioteca3-300x169.jpg 300w, https:\/\/www.iesjacaranda.com\/wp-content\/uploads\/2017\/04\/biblioteca3-768x433.jpg 768w, https:\/\/www.iesjacaranda.com\/wp-content\/uploads\/2017\/04\/biblioteca3.jpg 1824w\" sizes=\"auto, (max-width: 640px) 100vw, 640px\" \/><a href=\"http:\/\/www.iesjacaranda.com\/wp-content\/uploads\/2017\/04\/biblioteca1.jpg\"><img loading=\"lazy\" decoding=\"async\" class=\"size-large wp-image-185 aligncenter\" src=\"http:\/\/www.iesjacaranda.com\/wp-content\/uploads\/2017\/04\/biblioteca4-1024x577.jpg\" alt=\"\" width=\"640\" height=\"361\" srcset=\"https:\/\/www.iesjacaranda.com\/wp-content\/uploads\/2017\/04\/biblioteca4-1024x577.jpg 1024w, https:\/\/www.iesjacaranda.com\/wp-content\/uploads\/2017\/04\/biblioteca4-300x169.jpg 300w, https:\/\/www.iesjacaranda.com\/wp-content\/uploads\/2017\/04\/biblioteca4-768x433.jpg 768w, https:\/\/www.iesjacaranda.com\/wp-content\/uploads\/2017\/04\/biblioteca4.jpg 1824w\" sizes=\"auto, (max-width: 640px) 100vw, 640px\" \/><\/a> <a href=\"http:\/\/www.iesjacaranda.com\/wp-content\/uploads\/2017\/04\/biblioteca2.jpg\"><img loading=\"lazy\" decoding=\"async\" class=\"size-large wp-image-183 aligncenter\" src=\"http:\/\/www.iesjacaranda.com\/wp-content\/uploads\/2017\/04\/biblioteca2-1024x577.jpg\" alt=\"\" width=\"640\" height=\"361\" srcset=\"https:\/\/www.iesjacaranda.com\/wp-content\/uploads\/2017\/04\/biblioteca2-1024x577.jpg 1024w, https:\/\/www.iesjacaranda.com\/wp-content\/uploads\/2017\/04\/biblioteca2-300x169.jpg 300w, https:\/\/www.iesjacaranda.com\/wp-content\/uploads\/2017\/04\/biblioteca2-768x433.jpg 768w, https:\/\/www.iesjacaranda.com\/wp-content\/uploads\/2017\/04\/biblioteca2.jpg 1824w\" sizes=\"auto, (max-width: 640px) 100vw, 640px\" \/><\/a><a href=\"http:\/\/www.iesjacaranda.com\/wp-content\/uploads\/2017\/04\/biblioteca5.jpg\"><img loading=\"lazy\" decoding=\"async\" class=\"size-large wp-image-186 aligncenter\" src=\"http:\/\/www.iesjacaranda.com\/wp-content\/uploads\/2017\/04\/biblioteca5-1024x577.jpg\" alt=\"\" width=\"640\" height=\"361\" srcset=\"https:\/\/www.iesjacaranda.com\/wp-content\/uploads\/2017\/04\/biblioteca5-1024x577.jpg 1024w, https:\/\/www.iesjacaranda.com\/wp-content\/uploads\/2017\/04\/biblioteca5-300x169.jpg 300w, https:\/\/www.iesjacaranda.com\/wp-content\/uploads\/2017\/04\/biblioteca5-768x433.jpg 768w, https:\/\/www.iesjacaranda.com\/wp-content\/uploads\/2017\/04\/biblioteca5.jpg 1824w\" sizes=\"auto, (max-width: 640px) 100vw, 640px\" \/><\/a><\/div>\n<\/div>\n<\/div>\n<div class=\"fusion-two-fifth fusion-layout-column fusion-column-last fusion-spacing-yes\"><img loading=\"lazy\" decoding=\"async\" class=\"alignnone size-large wp-image-182 aligncenter\" src=\"http:\/\/www.iesjacaranda.com\/wp-content\/uploads\/2017\/04\/biblioteca1-1024x577.jpg\" alt=\"\" width=\"640\" height=\"361\" srcset=\"https:\/\/www.iesjacaranda.com\/wp-content\/uploads\/2017\/04\/biblioteca1-1024x577.jpg 1024w, https:\/\/www.iesjacaranda.com\/wp-content\/uploads\/2017\/04\/biblioteca1-300x169.jpg 300w, https:\/\/www.iesjacaranda.com\/wp-content\/uploads\/2017\/04\/biblioteca1-768x433.jpg 768w, https:\/\/www.iesjacaranda.com\/wp-content\/uploads\/2017\/04\/biblioteca1.jpg 1824w\" sizes=\"auto, (max-width: 640px) 100vw, 640px\" \/><\/div>\n<div class=\"fusion-two-fifth fusion-layout-column fusion-column-last fusion-spacing-yes\"><\/div>\n<div class=\"fusion-clearfix\"><\/div>\n","protected":false},"excerpt":{"rendered":"<p>\u00a0 GU\u00cdA DE USUARIOS DE LA BIBLIOTECA IES JACARANDA. CHURRIANA-M\u00c1LAGA \u00a0\u00a0\u00a0 \u00a0OBJETIVOS Y SERVICIOS GENERALES DE LA BIBLIOTECA La Biblioteca del IES Jacaranda\u201d de Churriana-M\u00e1laga es un espacio que permite el acceso de los usuarios a los libros y materiales audiovisuales depositados en \u00e9l y colabora activamente a la formaci\u00f3n de actitudes favorables hacia la <a href=\"https:\/\/www.iesjacaranda.com\/index.php\/biblioteca\/\" rel=\"nofollow\"><span class=\"sr-only\">Leer m\u00e1sBiblioteca<\/span>[&hellip;]<\/a><\/p>\n","protected":false},"author":1,"featured_media":0,"parent":0,"menu_order":0,"comment_status":"closed","ping_status":"closed","template":"","meta":{"footnotes":""},"class_list":["post-177","page","type-page","status-publish","hentry"],"_links":{"self":[{"href":"https:\/\/www.iesjacaranda.com\/index.php\/wp-json\/wp\/v2\/pages\/177","targetHints":{"allow":["GET"]}}],"collection":[{"href":"https:\/\/www.iesjacaranda.com\/index.php\/wp-json\/wp\/v2\/pages"}],"about":[{"href":"https:\/\/www.iesjacaranda.com\/index.php\/wp-json\/wp\/v2\/types\/page"}],"author":[{"embeddable":true,"href":"https:\/\/www.iesjacaranda.com\/index.php\/wp-json\/wp\/v2\/users\/1"}],"replies":[{"embeddable":true,"href":"https:\/\/www.iesjacaranda.com\/index.php\/wp-json\/wp\/v2\/comments?post=177"}],"version-history":[{"count":8,"href":"https:\/\/www.iesjacaranda.com\/index.php\/wp-json\/wp\/v2\/pages\/177\/revisions"}],"predecessor-version":[{"id":201,"href":"https:\/\/www.iesjacaranda.com\/index.php\/wp-json\/wp\/v2\/pages\/177\/revisions\/201"}],"wp:attachment":[{"href":"https:\/\/www.iesjacaranda.com\/index.php\/wp-json\/wp\/v2\/media?parent=177"}],"curies":[{"name":"wp","href":"https:\/\/api.w.org\/{rel}","templated":true}]}}