{"id":2154,"date":"2021-04-11T18:32:28","date_gmt":"2021-04-11T18:32:28","guid":{"rendered":"http:\/\/www.iesjacaranda.com\/?page_id=2154"},"modified":"2021-04-11T18:42:01","modified_gmt":"2021-04-11T18:42:01","slug":"aenor-certificacion-de-calidad","status":"publish","type":"page","link":"http:\/\/www.iesjacaranda.com\/index.php\/aenor-certificacion-de-calidad\/","title":{"rendered":"Aenor certificaci\u00f3n de calidad"},"content":{"rendered":"\n<p><a href=\"http:\/\/www.iesjacaranda.com\/wp-content\/uploads\/2021\/04\/IQNetES-0784-2009_2018-07-06.pdf\">http:\/\/www.iesjacaranda.com\/wp-content\/uploads\/2021\/04\/IQNetES-0784-2009_2018-07-06.pdf<\/a><\/p>\n\n\n\n<p><a href=\"http:\/\/www.iesjacaranda.com\/wp-content\/uploads\/2021\/04\/2015-CertificadoER-0784-2009_ES_2018-07-06.pdf\">http:\/\/www.iesjacaranda.com\/wp-content\/uploads\/2021\/04\/2015-CertificadoER-0784-2009_ES_2018-07-06.pdf<\/a><\/p>\n\n\n\n<p><strong>1.<u> POL\u00cdTICA DE LA CALIDAD<\/u><\/strong><\/p>\n\n\n\n<p>El I.E.S. \u201cJACARANDA\u201d ha definido la calidad como parte fundamental de su pol\u00edtica y de su estrategia y ha adoptado el Sistema de Gesti\u00f3n de la Calidad de la Norma UNE-EN ISO 9001:2015 como modelo de referencia para el aseguramiento de la calidad y la gesti\u00f3n del Instituto. El I. E. S. \u201cJACARANDA\u201d declara su compromiso con el cumplimiento de la normativa legal aplicable en cada momento.<\/p>\n\n\n\n<p>Como Centro de Ense\u00f1anza ha adoptado la Calidad como una filosof\u00eda de actuaci\u00f3n que se identifica con las siguientes directrices:<\/p>\n\n\n\n<ul class=\"wp-block-list\"><li>El trabajo bien hecho y la mejora continua de nuestras actividades, de los servicios que prestamos y de los procesos de trabajo.<\/li><li>La aportaci\u00f3n de valor a los alumnos, al personal de la organizaci\u00f3n y a los grupos de inter\u00e9s, escuchando su voz y procurando satisfacer sus expectativas.<\/li><li>El alineamiento de nuestros procesos y de nuestros proyectos con la misi\u00f3n institucional, su visi\u00f3n y sus estrategias.<\/li><li>La adopci\u00f3n de metodolog\u00edas de trabajo basadas en la cultura de la evidencia, la gesti\u00f3n a partir de datos y la disciplina del trabajo en equipo.<\/li><li>La gesti\u00f3n de los procesos orientada a la mejora continua mediante la planificaci\u00f3n, el desarrollo y la revisi\u00f3n y mejora de los mismos.<\/li><li>La mejora de los resultados definiendo los indicadores y objetivos y evaluando el nivel de consecuci\u00f3n de los mismos.<\/li><\/ul>\n\n\n\n<p>Estas directrices se despliegan a trav\u00e9s de los siguientes procesos y proyectos:<\/p>\n\n\n\n<ul class=\"wp-block-list\"><li>Implantaci\u00f3n y desarrollo de un Sistema de Gesti\u00f3n de la Calidad seg\u00fan la Norma UNE-EN ISO 9001:2015.<ul><li>Medici\u00f3n y an\u00e1lisis peri\u00f3dico de la satisfacci\u00f3n de los usuarios.<\/li><\/ul><ul><li>Revisi\u00f3n del Sistema de Gesti\u00f3n de la Calidad y actualizaci\u00f3n peri\u00f3dica de procesos.<\/li><\/ul><ul><li>Auditorias internas y externas del Sistema de Gesti\u00f3n de la Calidad.<\/li><\/ul><\/li><\/ul>\n\n\n\n<p>As\u00ed mismo, se despliega en los planes anuales a trav\u00e9s de la formulaci\u00f3n y el cumplimiento de los objetivos. Los Objetivos del I.E.S. \u201cJACARANDA\u201d como Centro de Ense\u00f1anza ser\u00e1n medibles a trav\u00e9s de indicadores y todos ellos constituyen los Objetivos de la Calidad cuyo grado de cumplimiento ser\u00e1 evaluado peri\u00f3dicamente.<\/p>\n\n\n\n<p><strong>2. <u>POL\u00cdTICA PEDAG\u00d3GICA<\/u><\/strong><\/p>\n\n\n\n<p>El I.E.S. \u201cJACARANDA\u201d, en consonancia con las Finalidades Educativas que forman parte de su Proyecto de Centro, define su pol\u00edtica pedag\u00f3gica con arreglo a las siguientes directrices:<\/p>\n\n\n\n<ul class=\"wp-block-list\"><li>La educaci\u00f3n en los valores democr\u00e1ticos y en los derechos y libertades reconocidos en la Constituci\u00f3n y el Estatuto de Autonom\u00eda de Andaluc\u00eda.<\/li><li>La educaci\u00f3n en los valores de tolerancia y respeto, sin discriminaci\u00f3n por razones de sexo, lengua, cultura, religi\u00f3n, etc, as\u00ed como en la defensa de la solidaridad y los derechos humanos.<\/li><li>El desarrollo de un proyecto educativo integral, que atienda tanto a la educaci\u00f3n c\u00edvica de la persona como a la adquisici\u00f3n de los conocimientos conceptuales y procedimentales, adem\u00e1s de una capacitaci\u00f3n profesional que posibilite su inserci\u00f3n laboral.<\/li><\/ul>\n\n\n\n<p>Estas directrices generales se concretan en los siguientes \u00e1mbitos:<\/p>\n\n\n\n<p>\u00c1MBITO CONVIVENCIAL:<\/p>\n\n\n\n<ul class=\"wp-block-list\"><li>Resolver los conflictos de forma pac\u00edfica y mediante el di\u00e1logo<\/li><li>Desarrollar h\u00e1bitos de salud e higiene.<\/li><li>Defender y conservar el medio ambiente<\/li><\/ul>\n\n\n\n<p>\u00c1MBITO PEDAG\u00d3GICO EDUCATIVO:<\/p>\n\n\n\n<ul class=\"wp-block-list\"><li>Fomentar h\u00e1bitos de esfuerzo, trabajo y responsabilidad.<\/li><li>Defender el valor de la cultura como medio para el pleno desarrollo de las personas y los pueblos.<\/li><li>Atender particularmente a los alumnos con necesidades educativas especiales.<\/li><li>Desarrollar la orientaci\u00f3n acad\u00e9mica y profesional del alumnado.<\/li><li>Potenciar el contacto del Instituto con el mundo de la Universidad y de la Empresa, como \u00e1mbitos de promoci\u00f3n propios de nuestro alumnado.<\/li><li>Fomentar los valores propios de la cultura andaluza.<\/li><\/ul>\n\n\n\n<p>\u00c1MBITO ORGANIZATIVO:<\/p>\n\n\n\n<ul class=\"wp-block-list\"><li>Favorecer la participaci\u00f3n del alumnado y de sus familias en la vida del Centro.<\/li><li>Utilizar racionalmente los recursos disponibles, atendiendo a principios de econom\u00eda y eficacia.<\/li><li>Potenciar el trabajo en equipo, el consenso en la toma de decisiones y la responsabilidad en la aplicaci\u00f3n de las mismas, especialmente en los \u00f3rganos de coordinaci\u00f3n docente, tales como Departamentos, ETCP y Equipos Educativos.<\/li><li>Poner a disposici\u00f3n de la sociedad en general y de su entorno inmediato, tanto el Centro como sus instalaciones; siempre que no dificulten su trabajo y organizaci\u00f3n.<\/li><\/ul>\n\n\n\n<p>Las directrices y \u00e1mbitos indicados se despliegan a trav\u00e9s de los siguientes procesos y proyectos:<\/p>\n\n\n\n<ul class=\"wp-block-list\"><li>Implantaci\u00f3n de un sistema unificado de programaciones did\u00e1cticas y de programaci\u00f3n de actividades de aula.<\/li><li>Coordinaci\u00f3n de los Equipos Educativos como unidad de actuaci\u00f3n y evaluaci\u00f3n sobre los grupos de alumnos.<\/li><li>Coordinaci\u00f3n de la orientaci\u00f3n y la acci\u00f3n tutorial.<\/li><\/ul>\n\n\n\n<p>As\u00ed mismo, se despliega en los planes anuales a trav\u00e9s de la formulaci\u00f3n y el cumplimiento de los objetivos. Los objetivos del Centro ser\u00e1n cuantificables y medibles a trav\u00e9s de indicadores, y todos ellos constituyen los Objetivos de la Calidad, cuyo grado de cumplimiento ser\u00e1 evaluado peri\u00f3dicamente.<\/p>\n\n\n\n<p><strong>3. <u>POL\u00cdTICA DE PERSONAL<\/u><\/strong><\/p>\n\n\n\n<p>El I.E.S. \u201cJACARANDA\u201d define su pol\u00edtica de personal en el marco de la capacidad de gesti\u00f3n del Centro, de acuerdo con las siguientes directrices:<\/p>\n\n\n\n<ul class=\"wp-block-list\"><li>Procurar la m\u00e1xima estabilidad del profesorado.<\/li><li>Procurar la m\u00e1xima coordinaci\u00f3n del profesorado, integrando las distintas ense\u00f1anzas que se imparten en el Centro.<\/li><li>Favorecer el compromiso con una visi\u00f3n compartida del Centro.<\/li><li>Ofrecer posibilidades de formaci\u00f3n y nuevos retos profesionales a todo el personal.<\/li><li>Reconocer los \u00e9xitos y los esfuerzos del personal.<\/li><li>Fomentar la confianza en las personas y equipos, y en su capacidad de gesti\u00f3n.<\/li><\/ul>\n\n\n\n<p>Estas directrices de despliegan a trav\u00e9s de los siguientes procesos y proyectos:<\/p>\n\n\n\n<ul class=\"wp-block-list\"><li>Gesti\u00f3n de la permanencia del profesorado mediante su participaci\u00f3n en proyectos espec\u00edficos.<\/li><li>Capacidad de actuaci\u00f3n de los Equipos Educativos, Departamentos, ETCP y Claustro de Profesores.<\/li><\/ul>\n\n\n\n<p>As\u00ed mismo, se despliega en los planes anuales a trav\u00e9s de la formulaci\u00f3n y el cumplimiento de los objetivos. Los objetivos del Centro ser\u00e1n cuantificables y medibles&nbsp; a trav\u00e9s de indicadores, y todos ellos constituyen los Objetivos de la Calidad cuyo grado de cumplimiento ser\u00e1 evaluado peri\u00f3dicamente.<\/p>\n\n\n\n<p><strong>4. <u>POL\u00cdTICA DE SEGURIDAD<\/u><\/strong>:<\/p>\n\n\n\n<p>El I.E.S. \u201cJACARANDA\u201d &nbsp;define su pol\u00edtica de seguridad en el marco de la capacidad de gesti\u00f3n del Centro, con arreglo a las siguientes directrices:<\/p>\n\n\n\n<ul class=\"wp-block-list\"><li>El objetivo prioritario es garantizar la seguridad y la salud, entendidas como el bienestar f\u00edsico, ps\u00edquico y social de todos y cada uno de los usuarios de sus servicios.<\/li><li>El enfoque adoptado es el preventivo. Se trata de prevenir los accidentes laborales, las enfermedades profesionales y, en general, todo da\u00f1o a la salud de las personas del Centro; detectando las situaciones de riesgo y el origen de las mismas mediante la aplicaci\u00f3n de t\u00e9cnicas adecuadas e implantando las acciones correctivas que sean necesarias y posibles.<\/li><li>Se considera esencial, en este sentido, tanto la implicaci\u00f3n del Equipo Directivo, que es el encargado de liderar el proceso, como del resto del personal del Centro.<\/li><\/ul>\n\n\n\n<p>La Direcci\u00f3n del Centro se compromete a proporcionar los recursos adecuados para la buena marcha de los procesos y proyectos que al efecto se desarrollen, a difundirlo a todo el personal y a exigir su cumplimiento.<\/p>\n\n\n\n<p>Estas directrices se despliegan a trav\u00e9s del desarrollo e implantaci\u00f3n del Plan de Autoprotecci\u00f3n del Centro.<\/p>\n\n\n\n<p>As\u00ed mismo, se despliega en los planes anuales a trav\u00e9s de la formulaci\u00f3n y el cumplimiento de los objetivos. Los objetivos del Centro ser\u00e1n cuantificables y medibles&nbsp; a trav\u00e9s de indicadores, y todos ellos constituyen los Objetivos de la Calidad cuyo grado de cumplimiento ser\u00e1 evaluado peri\u00f3dicamente.<\/p>\n","protected":false},"excerpt":{"rendered":"<p>http:\/\/www.iesjacaranda.com\/wp-content\/uploads\/2021\/04\/IQNetES-0784-2009_2018-07-06.pdf http:\/\/www.iesjacaranda.com\/wp-content\/uploads\/2021\/04\/2015-CertificadoER-0784-2009_ES_2018-07-06.pdf 1. POL\u00cdTICA DE LA CALIDAD El I.E.S. \u201cJACARANDA\u201d ha definido la calidad como parte fundamental de su pol\u00edtica y de su estrategia y ha adoptado el Sistema de Gesti\u00f3n de la Calidad de la Norma UNE-EN ISO 9001:2015 como modelo de referencia para el aseguramiento de la calidad y la gesti\u00f3n del Instituto. <a href=\"http:\/\/www.iesjacaranda.com\/index.php\/aenor-certificacion-de-calidad\/\" rel=\"nofollow\"><span class=\"sr-only\">Leer m\u00e1sAenor certificaci\u00f3n de calidad<\/span>[&hellip;]<\/a><\/p>\n","protected":false},"author":1,"featured_media":2153,"parent":0,"menu_order":0,"comment_status":"closed","ping_status":"closed","template":"","meta":{"footnotes":""},"class_list":["post-2154","page","type-page","status-publish","has-post-thumbnail","hentry"],"_links":{"self":[{"href":"http:\/\/www.iesjacaranda.com\/index.php\/wp-json\/wp\/v2\/pages\/2154","targetHints":{"allow":["GET"]}}],"collection":[{"href":"http:\/\/www.iesjacaranda.com\/index.php\/wp-json\/wp\/v2\/pages"}],"about":[{"href":"http:\/\/www.iesjacaranda.com\/index.php\/wp-json\/wp\/v2\/types\/page"}],"author":[{"embeddable":true,"href":"http:\/\/www.iesjacaranda.com\/index.php\/wp-json\/wp\/v2\/users\/1"}],"replies":[{"embeddable":true,"href":"http:\/\/www.iesjacaranda.com\/index.php\/wp-json\/wp\/v2\/comments?post=2154"}],"version-history":[{"count":2,"href":"http:\/\/www.iesjacaranda.com\/index.php\/wp-json\/wp\/v2\/pages\/2154\/revisions"}],"predecessor-version":[{"id":2160,"href":"http:\/\/www.iesjacaranda.com\/index.php\/wp-json\/wp\/v2\/pages\/2154\/revisions\/2160"}],"wp:featuredmedia":[{"embeddable":true,"href":"http:\/\/www.iesjacaranda.com\/index.php\/wp-json\/wp\/v2\/media\/2153"}],"wp:attachment":[{"href":"http:\/\/www.iesjacaranda.com\/index.php\/wp-json\/wp\/v2\/media?parent=2154"}],"curies":[{"name":"wp","href":"https:\/\/api.w.org\/{rel}","templated":true}]}}